
{"id":1133,"date":"2018-01-18T09:00:29","date_gmt":"2018-01-18T09:00:29","guid":{"rendered":"http:\/\/www.glems-technik.de\/?page_id=1133"},"modified":"2019-03-05T12:01:42","modified_gmt":"2019-03-05T12:01:42","slug":"registrieren","status":"publish","type":"page","link":"https:\/\/www.glems-technik.de\/?page_id=1133","title":{"rendered":"Registrieren"},"content":{"rendered":"<p>Sie m\u00f6chten die Preis f\u00fcr unsere Produkte auf der Homepage freischalten? Sehr gerne. Bitte f\u00fcllen Sie das Registrierungsformular vollst\u00e4ndig aus.<\/p>\n","protected":false},"excerpt":{"rendered":"Sie m\u00f6chten die Preis f\u00fcr unsere Produkte auf der Homepage freischalten? Sehr gerne. Bitte f\u00fcllen Sie das Registrierungsformular vollst\u00e4ndig aus.","protected":false},"author":1,"featured_media":0,"parent":0,"menu_order":0,"comment_status":"closed","ping_status":"closed","template":"account.php","meta":{"_acf_changed":false,"footnotes":""},"class_list":["post-1133","page","type-page","status-publish","hentry"],"acf":[],"yoast_head":"<!-- This site is optimized with the Yoast SEO plugin v26.6 - https:\/\/yoast.com\/wordpress\/plugins\/seo\/ -->\n<title>Registrieren - Komponenten f\u00fcr die K\u00e4ltetechnik<\/title>\n<meta name=\"robots\" content=\"index, follow, max-snippet:-1, max-image-preview:large, max-video-preview:-1\" \/>\n<link rel=\"canonical\" href=\"https:\/\/www.glems-technik.de\/?page_id=1133\" \/>\n<meta property=\"og:locale\" content=\"de_DE\" \/>\n<meta property=\"og:type\" content=\"article\" \/>\n<meta property=\"og:title\" content=\"Registrieren - Komponenten f\u00fcr die K\u00e4ltetechnik\" \/>\n<meta property=\"og:description\" content=\"Sie m\u00f6chten die Preis f\u00fcr unsere Produkte auf der Homepage freischalten? Sehr gerne. Bitte f\u00fcllen Sie das Registrierungsformular vollst\u00e4ndig aus.\" \/>\n<meta property=\"og:url\" content=\"https:\/\/www.glems-technik.de\/?page_id=1133\" \/>\n<meta property=\"og:site_name\" content=\"Komponenten f\u00fcr die K\u00e4ltetechnik\" \/>\n<meta property=\"article:modified_time\" content=\"2019-03-05T12:01:42+00:00\" \/>\n<meta name=\"twitter:card\" content=\"summary_large_image\" \/>\n<script type=\"application\/ld+json\" class=\"yoast-schema-graph\">{\"@context\":\"https:\/\/schema.org\",\"@graph\":[{\"@type\":\"WebPage\",\"@id\":\"https:\/\/www.glems-technik.de\/?page_id=1133\",\"url\":\"https:\/\/www.glems-technik.de\/?page_id=1133\",\"name\":\"Registrieren - Komponenten f\u00fcr die K\u00e4ltetechnik\",\"isPartOf\":{\"@id\":\"https:\/\/www.glems-technik.de\/#website\"},\"datePublished\":\"2018-01-18T09:00:29+00:00\",\"dateModified\":\"2019-03-05T12:01:42+00:00\",\"breadcrumb\":{\"@id\":\"https:\/\/www.glems-technik.de\/?page_id=1133#breadcrumb\"},\"inLanguage\":\"de\",\"potentialAction\":[{\"@type\":\"ReadAction\",\"target\":[\"https:\/\/www.glems-technik.de\/?page_id=1133\"]}]},{\"@type\":\"BreadcrumbList\",\"@id\":\"https:\/\/www.glems-technik.de\/?page_id=1133#breadcrumb\",\"itemListElement\":[{\"@type\":\"ListItem\",\"position\":1,\"name\":\"Startseite\",\"item\":\"https:\/\/www.glems-technik.de\/\"},{\"@type\":\"ListItem\",\"position\":2,\"name\":\"Registrieren\"}]},{\"@type\":\"WebSite\",\"@id\":\"https:\/\/www.glems-technik.de\/#website\",\"url\":\"https:\/\/www.glems-technik.de\/\",\"name\":\"Komponenten f\u00fcr die K\u00e4ltetechnik\",\"description\":\"Komponenten f\u00fcr die K\u00e4ltetechnik\",\"potentialAction\":[{\"@type\":\"SearchAction\",\"target\":{\"@type\":\"EntryPoint\",\"urlTemplate\":\"https:\/\/www.glems-technik.de\/?s={search_term_string}\"},\"query-input\":{\"@type\":\"PropertyValueSpecification\",\"valueRequired\":true,\"valueName\":\"search_term_string\"}}],\"inLanguage\":\"de\"}]}<\/script>\n<!-- \/ Yoast SEO plugin. -->","yoast_head_json":{"title":"Registrieren - Komponenten f\u00fcr die K\u00e4ltetechnik","robots":{"index":"index","follow":"follow","max-snippet":"max-snippet:-1","max-image-preview":"max-image-preview:large","max-video-preview":"max-video-preview:-1"},"canonical":"https:\/\/www.glems-technik.de\/?page_id=1133","og_locale":"de_DE","og_type":"article","og_title":"Registrieren - Komponenten f\u00fcr die K\u00e4ltetechnik","og_description":"Sie m\u00f6chten die Preis f\u00fcr unsere Produkte auf der Homepage freischalten? Sehr gerne. Bitte f\u00fcllen Sie das Registrierungsformular vollst\u00e4ndig aus.","og_url":"https:\/\/www.glems-technik.de\/?page_id=1133","og_site_name":"Komponenten f\u00fcr die K\u00e4ltetechnik","article_modified_time":"2019-03-05T12:01:42+00:00","twitter_card":"summary_large_image","schema":{"@context":"https:\/\/schema.org","@graph":[{"@type":"WebPage","@id":"https:\/\/www.glems-technik.de\/?page_id=1133","url":"https:\/\/www.glems-technik.de\/?page_id=1133","name":"Registrieren - Komponenten f\u00fcr die K\u00e4ltetechnik","isPartOf":{"@id":"https:\/\/www.glems-technik.de\/#website"},"datePublished":"2018-01-18T09:00:29+00:00","dateModified":"2019-03-05T12:01:42+00:00","breadcrumb":{"@id":"https:\/\/www.glems-technik.de\/?page_id=1133#breadcrumb"},"inLanguage":"de","potentialAction":[{"@type":"ReadAction","target":["https:\/\/www.glems-technik.de\/?page_id=1133"]}]},{"@type":"BreadcrumbList","@id":"https:\/\/www.glems-technik.de\/?page_id=1133#breadcrumb","itemListElement":[{"@type":"ListItem","position":1,"name":"Startseite","item":"https:\/\/www.glems-technik.de\/"},{"@type":"ListItem","position":2,"name":"Registrieren"}]},{"@type":"WebSite","@id":"https:\/\/www.glems-technik.de\/#website","url":"https:\/\/www.glems-technik.de\/","name":"Komponenten f\u00fcr die K\u00e4ltetechnik","description":"Komponenten f\u00fcr die K\u00e4ltetechnik","potentialAction":[{"@type":"SearchAction","target":{"@type":"EntryPoint","urlTemplate":"https:\/\/www.glems-technik.de\/?s={search_term_string}"},"query-input":{"@type":"PropertyValueSpecification","valueRequired":true,"valueName":"search_term_string"}}],"inLanguage":"de"}]}},"_links":{"self":[{"href":"https:\/\/www.glems-technik.de\/index.php?rest_route=\/wp\/v2\/pages\/1133","targetHints":{"allow":["GET"]}}],"collection":[{"href":"https:\/\/www.glems-technik.de\/index.php?rest_route=\/wp\/v2\/pages"}],"about":[{"href":"https:\/\/www.glems-technik.de\/index.php?rest_route=\/wp\/v2\/types\/page"}],"author":[{"embeddable":true,"href":"https:\/\/www.glems-technik.de\/index.php?rest_route=\/wp\/v2\/users\/1"}],"replies":[{"embeddable":true,"href":"https:\/\/www.glems-technik.de\/index.php?rest_route=%2Fwp%2Fv2%2Fcomments&post=1133"}],"version-history":[{"count":10,"href":"https:\/\/www.glems-technik.de\/index.php?rest_route=\/wp\/v2\/pages\/1133\/revisions"}],"predecessor-version":[{"id":2653,"href":"https:\/\/www.glems-technik.de\/index.php?rest_route=\/wp\/v2\/pages\/1133\/revisions\/2653"}],"wp:attachment":[{"href":"https:\/\/www.glems-technik.de\/index.php?rest_route=%2Fwp%2Fv2%2Fmedia&parent=1133"}],"curies":[{"name":"wp","href":"https:\/\/api.w.org\/{rel}","templated":true}]}}