
{"id":11333,"date":"2026-04-29T14:07:43","date_gmt":"2026-04-29T14:07:43","guid":{"rendered":"https:\/\/www.glems-technik.de\/?page_id=11333"},"modified":"2026-04-29T15:13:29","modified_gmt":"2026-04-29T15:13:29","slug":"karriere","status":"publish","type":"page","link":"https:\/\/www.glems-technik.de\/?page_id=11333","title":{"rendered":"Karriere"},"content":{"rendered":"<div class=\"row\">\n<div class=\"col-md-8\" style=\"word-break:auto-phrase;\">\n<p><img decoding=\"async\" src=\"https:\/\/www.glems-technik.de\/wp-content\/uploads\/2026\/04\/glems-technik-einkaeufer-banner.jpg\" alt=\"\" style=\"width:100%;\" \/><\/p>\n<p>Als etablierter K\u00e4ltetechnik-Gro\u00dfh\u00e4ndler f\u00fcr Serienger\u00e4tehersteller und Fachbetriebe verlassen sich unsere Kunden auf unsere hohen Qualit\u00e4tsanspr\u00fcche in der Abwicklung, dem Handel und der Fertigung. Wir pflegen langfristige Partnerschaften auf Lieferanten- und Kundenseite. In einer zukunftssicheren Branche bieten wir Ihnen die M\u00f6glichkeit, aktiv an der Weiterentwicklung unseres traditionsreichen Unternehmens mitzuwirken. Hierf\u00fcr suchen wir zur Verst\u00e4rkung und Erweiterung unserer Einkaufsabteilung ab Juni 2026 einen engagierten:<br \/>\n\u00a0<\/p>\n<h2>Eink\u00e4ufer (m\/w\/d) in Vollzeit f\u00fcr unseren Standort in 71254 Ditzingen<\/h2>\n<p>\u00a0<\/p>\n<h3>Ihr Aufgabenbereich:<\/h3>\n<ul>\n<li>Einkauf von Waren und Komponenten im Bereich K\u00e4ltetechnik<\/li>\n<li>Steuerung von Mindestbest\u00e4nden (kommissionsbezogenen und f\u00fcr Lagerware)<\/li>\n<li>Kommunikation und Verhandlung mit nationalen und internationalen Lieferanten<\/li>\n<li>Durchf\u00fchrung von Preisverhandlungen sowie Konditionsgestaltung.<br \/>\nDabei haben Sie variable Frachtkosten und Verf\u00fcgbarkeiten stets im Blick<\/li>\n<li>Enge Zusammenarbeit und Planung mit Ihren Kollegen aus dem Vertrieb und der Logistik<\/li>\n<li>Sicherstellung der Warenverf\u00fcgbarkeit und Optimierung der Bestandsstruktur<\/li>\n<\/ul>\n<h3>Ihr Profil:<\/h3>\n<ul>\n<li>Eine abgeschlossene kaufm\u00e4nnische oder technische Ausbildung, idealerweise aus dem Bereich K\u00e4ltetechnik\/ Elektrotechnik <\/li>\n<li>Erfahrung im Einkauf, technischer Gro\u00dfhandel von Vorteil<\/li>\n<li>Sicheres Auftreten im Umgang mit in- und ausl\u00e4ndischen Lieferanten<\/li>\n<li>Gute Deutsch- und Englischkenntnisse in Wort und Schrift<\/li>\n<li>Strukturierte und eigenverantwortliche Arbeitsweise<\/li>\n<li>Ausgepr\u00e4gtes Kostenbewusstsein und Verhandlungsgeschick<\/li>\n<\/ul>\n<h3>Das bieten wir Ihnen:<\/h3>\n<ul>\n<li>Eine langfristige Perspektive in einem soliden, wachsenden Unternehmen<\/li>\n<li>Eine offene Unternehmenskultur mit kurzen Entscheidungswegen<\/li>\n<li>Eine leistungsgerechte und wertsch\u00e4tzende Verg\u00fctung<\/li>\n<li>30 Tage Urlaub<\/li>\n<li>Urlaubs- und Weihnachtsgeld<\/li>\n<li>Gehaltsumwandlung f\u00fcr Ihre Altersvorsorge<\/li>\n<li>Verm\u00f6genswirksame Leistungen<\/li>\n<li>Jobrad-Angebot<\/li>\n<li>Kostenlose Getr\u00e4nke<\/li>\n<li>Flexible Arbeitszeiten und Gleitzeittage<\/li>\n<li>38 Stunden-Woche<\/li>\n<li>Teamgeist und ein motiviertes Umfeld, das Ihnen Freude bereiten wird \ud83d\ude42<\/li>\n<\/ul>\n<p>\u00a0<br \/>\nBei uns sind Sie keine Personalnummer. Wir m\u00f6chten mit Ihnen die Zukunft unseres etablierten Unternehmens gestalten. Wenn Sie Freude daran haben, Verantwortung zu \u00fcbernehmen und gemeinsam mit uns die n\u00e4chsten Schritte unseres Unternehmens zu pr\u00e4gen, freuen wir uns auf Ihre Bewerbung unter Angabe Ihres m\u00f6glichen Starttermins.<\/p>\n<p><a href=\"https:\/\/glemstechnik.de\/einkauf\/\" class=\"btn btn-default\">\u00bb Zum Bewerbungsformular<\/a><\/p>\n<\/div>\n<div class=\"col-md-4\">\n<img decoding=\"async\" src=\"https:\/\/www.glems-technik.de\/wp-content\/uploads\/2026\/04\/glems-technik-wir-suchen-dich.jpg\" alt=\"\" style=\"max-width:100%;\" \/><\/p>\n<p><a href=\"https:\/\/glemstechnik.de\/einkauf\/\" class=\"btn btn-default\">\u00bb Zum Bewerbungsformular<\/a>\n<\/div>\n<\/div>\n","protected":false},"excerpt":{"rendered":"Als etablierter K\u00e4ltetechnik-Gro\u00dfh\u00e4ndler f\u00fcr Serienger\u00e4tehersteller und Fachbetriebe verlassen sich unsere Kunden auf unsere hohen Qualit\u00e4tsanspr\u00fcche in der Abwicklung, dem Handel und der Fertigung. Wir pflegen langfristige Partnerschaften auf Lieferanten- und Kundenseite. In einer zukunftssicheren Branche bieten wir Ihnen die M\u00f6glichkeit, aktiv an der Weiterentwicklung unseres traditionsreichen Unternehmens mitzuwirken. Hierf\u00fcr suchen wir zur Verst\u00e4rkung und Erweiterung [&hellip;]","protected":false},"author":306,"featured_media":0,"parent":0,"menu_order":0,"comment_status":"closed","ping_status":"closed","template":"","meta":{"_acf_changed":false,"footnotes":""},"class_list":["post-11333","page","type-page","status-publish","hentry"],"acf":[],"yoast_head":"<!-- This site is optimized with the Yoast SEO plugin v26.6 - https:\/\/yoast.com\/wordpress\/plugins\/seo\/ -->\n<title>Karriere - Komponenten f\u00fcr die K\u00e4ltetechnik<\/title>\n<meta name=\"robots\" content=\"index, follow, max-snippet:-1, max-image-preview:large, max-video-preview:-1\" \/>\n<link rel=\"canonical\" href=\"https:\/\/www.glems-technik.de\/?page_id=11333\" \/>\n<meta property=\"og:locale\" content=\"de_DE\" \/>\n<meta property=\"og:type\" content=\"article\" \/>\n<meta property=\"og:title\" content=\"Karriere - Komponenten f\u00fcr die K\u00e4ltetechnik\" \/>\n<meta property=\"og:description\" content=\"Als etablierter K\u00e4ltetechnik-Gro\u00dfh\u00e4ndler f\u00fcr Serienger\u00e4tehersteller und Fachbetriebe verlassen sich unsere Kunden auf unsere hohen Qualit\u00e4tsanspr\u00fcche in der Abwicklung, dem Handel und der Fertigung. Wir pflegen langfristige Partnerschaften auf Lieferanten- und Kundenseite. In einer zukunftssicheren Branche bieten wir Ihnen die M\u00f6glichkeit, aktiv an der Weiterentwicklung unseres traditionsreichen Unternehmens mitzuwirken. Hierf\u00fcr suchen wir zur Verst\u00e4rkung und Erweiterung [&hellip;]\" \/>\n<meta property=\"og:url\" content=\"https:\/\/www.glems-technik.de\/?page_id=11333\" \/>\n<meta property=\"og:site_name\" content=\"Komponenten f\u00fcr die K\u00e4ltetechnik\" \/>\n<meta property=\"article:modified_time\" content=\"2026-04-29T15:13:29+00:00\" \/>\n<meta property=\"og:image\" content=\"https:\/\/www.glems-technik.de\/wp-content\/uploads\/2026\/04\/glems-technik-einkaeufer-banner.jpg\" \/>\n<meta name=\"twitter:card\" content=\"summary_large_image\" \/>\n<meta name=\"twitter:label1\" content=\"Gesch\u00e4tzte Lesezeit\" \/>\n\t<meta name=\"twitter:data1\" content=\"2\u00a0Minuten\" \/>\n<script type=\"application\/ld+json\" class=\"yoast-schema-graph\">{\"@context\":\"https:\/\/schema.org\",\"@graph\":[{\"@type\":\"WebPage\",\"@id\":\"https:\/\/www.glems-technik.de\/?page_id=11333\",\"url\":\"https:\/\/www.glems-technik.de\/?page_id=11333\",\"name\":\"Karriere - Komponenten f\u00fcr die K\u00e4ltetechnik\",\"isPartOf\":{\"@id\":\"https:\/\/www.glems-technik.de\/#website\"},\"primaryImageOfPage\":{\"@id\":\"https:\/\/www.glems-technik.de\/?page_id=11333#primaryimage\"},\"image\":{\"@id\":\"https:\/\/www.glems-technik.de\/?page_id=11333#primaryimage\"},\"thumbnailUrl\":\"https:\/\/www.glems-technik.de\/wp-content\/uploads\/2026\/04\/glems-technik-einkaeufer-banner.jpg\",\"datePublished\":\"2026-04-29T14:07:43+00:00\",\"dateModified\":\"2026-04-29T15:13:29+00:00\",\"breadcrumb\":{\"@id\":\"https:\/\/www.glems-technik.de\/?page_id=11333#breadcrumb\"},\"inLanguage\":\"de\",\"potentialAction\":[{\"@type\":\"ReadAction\",\"target\":[\"https:\/\/www.glems-technik.de\/?page_id=11333\"]}]},{\"@type\":\"ImageObject\",\"inLanguage\":\"de\",\"@id\":\"https:\/\/www.glems-technik.de\/?page_id=11333#primaryimage\",\"url\":\"https:\/\/www.glems-technik.de\/wp-content\/uploads\/2026\/04\/glems-technik-einkaeufer-banner.jpg\",\"contentUrl\":\"https:\/\/www.glems-technik.de\/wp-content\/uploads\/2026\/04\/glems-technik-einkaeufer-banner.jpg\",\"width\":1385,\"height\":923,\"caption\":\"Glems-Technik Karriere - Eink\u00e4ufer Banner\"},{\"@type\":\"BreadcrumbList\",\"@id\":\"https:\/\/www.glems-technik.de\/?page_id=11333#breadcrumb\",\"itemListElement\":[{\"@type\":\"ListItem\",\"position\":1,\"name\":\"Startseite\",\"item\":\"https:\/\/www.glems-technik.de\/\"},{\"@type\":\"ListItem\",\"position\":2,\"name\":\"Karriere\"}]},{\"@type\":\"WebSite\",\"@id\":\"https:\/\/www.glems-technik.de\/#website\",\"url\":\"https:\/\/www.glems-technik.de\/\",\"name\":\"Komponenten f\u00fcr die K\u00e4ltetechnik\",\"description\":\"Komponenten f\u00fcr die K\u00e4ltetechnik\",\"potentialAction\":[{\"@type\":\"SearchAction\",\"target\":{\"@type\":\"EntryPoint\",\"urlTemplate\":\"https:\/\/www.glems-technik.de\/?s={search_term_string}\"},\"query-input\":{\"@type\":\"PropertyValueSpecification\",\"valueRequired\":true,\"valueName\":\"search_term_string\"}}],\"inLanguage\":\"de\"}]}<\/script>\n<!-- \/ Yoast SEO plugin. -->","yoast_head_json":{"title":"Karriere - Komponenten f\u00fcr die K\u00e4ltetechnik","robots":{"index":"index","follow":"follow","max-snippet":"max-snippet:-1","max-image-preview":"max-image-preview:large","max-video-preview":"max-video-preview:-1"},"canonical":"https:\/\/www.glems-technik.de\/?page_id=11333","og_locale":"de_DE","og_type":"article","og_title":"Karriere - Komponenten f\u00fcr die K\u00e4ltetechnik","og_description":"Als etablierter K\u00e4ltetechnik-Gro\u00dfh\u00e4ndler f\u00fcr Serienger\u00e4tehersteller und Fachbetriebe verlassen sich unsere Kunden auf unsere hohen Qualit\u00e4tsanspr\u00fcche in der Abwicklung, dem Handel und der Fertigung. Wir pflegen langfristige Partnerschaften auf Lieferanten- und Kundenseite. In einer zukunftssicheren Branche bieten wir Ihnen die M\u00f6glichkeit, aktiv an der Weiterentwicklung unseres traditionsreichen Unternehmens mitzuwirken. Hierf\u00fcr suchen wir zur Verst\u00e4rkung und Erweiterung [&hellip;]","og_url":"https:\/\/www.glems-technik.de\/?page_id=11333","og_site_name":"Komponenten f\u00fcr die K\u00e4ltetechnik","article_modified_time":"2026-04-29T15:13:29+00:00","og_image":[{"url":"https:\/\/www.glems-technik.de\/wp-content\/uploads\/2026\/04\/glems-technik-einkaeufer-banner.jpg","type":"","width":"","height":""}],"twitter_card":"summary_large_image","twitter_misc":{"Gesch\u00e4tzte Lesezeit":"2\u00a0Minuten"},"schema":{"@context":"https:\/\/schema.org","@graph":[{"@type":"WebPage","@id":"https:\/\/www.glems-technik.de\/?page_id=11333","url":"https:\/\/www.glems-technik.de\/?page_id=11333","name":"Karriere - Komponenten f\u00fcr die K\u00e4ltetechnik","isPartOf":{"@id":"https:\/\/www.glems-technik.de\/#website"},"primaryImageOfPage":{"@id":"https:\/\/www.glems-technik.de\/?page_id=11333#primaryimage"},"image":{"@id":"https:\/\/www.glems-technik.de\/?page_id=11333#primaryimage"},"thumbnailUrl":"https:\/\/www.glems-technik.de\/wp-content\/uploads\/2026\/04\/glems-technik-einkaeufer-banner.jpg","datePublished":"2026-04-29T14:07:43+00:00","dateModified":"2026-04-29T15:13:29+00:00","breadcrumb":{"@id":"https:\/\/www.glems-technik.de\/?page_id=11333#breadcrumb"},"inLanguage":"de","potentialAction":[{"@type":"ReadAction","target":["https:\/\/www.glems-technik.de\/?page_id=11333"]}]},{"@type":"ImageObject","inLanguage":"de","@id":"https:\/\/www.glems-technik.de\/?page_id=11333#primaryimage","url":"https:\/\/www.glems-technik.de\/wp-content\/uploads\/2026\/04\/glems-technik-einkaeufer-banner.jpg","contentUrl":"https:\/\/www.glems-technik.de\/wp-content\/uploads\/2026\/04\/glems-technik-einkaeufer-banner.jpg","width":1385,"height":923,"caption":"Glems-Technik Karriere - Eink\u00e4ufer Banner"},{"@type":"BreadcrumbList","@id":"https:\/\/www.glems-technik.de\/?page_id=11333#breadcrumb","itemListElement":[{"@type":"ListItem","position":1,"name":"Startseite","item":"https:\/\/www.glems-technik.de\/"},{"@type":"ListItem","position":2,"name":"Karriere"}]},{"@type":"WebSite","@id":"https:\/\/www.glems-technik.de\/#website","url":"https:\/\/www.glems-technik.de\/","name":"Komponenten f\u00fcr die K\u00e4ltetechnik","description":"Komponenten f\u00fcr die K\u00e4ltetechnik","potentialAction":[{"@type":"SearchAction","target":{"@type":"EntryPoint","urlTemplate":"https:\/\/www.glems-technik.de\/?s={search_term_string}"},"query-input":{"@type":"PropertyValueSpecification","valueRequired":true,"valueName":"search_term_string"}}],"inLanguage":"de"}]}},"_links":{"self":[{"href":"https:\/\/www.glems-technik.de\/index.php?rest_route=\/wp\/v2\/pages\/11333","targetHints":{"allow":["GET"]}}],"collection":[{"href":"https:\/\/www.glems-technik.de\/index.php?rest_route=\/wp\/v2\/pages"}],"about":[{"href":"https:\/\/www.glems-technik.de\/index.php?rest_route=\/wp\/v2\/types\/page"}],"author":[{"embeddable":true,"href":"https:\/\/www.glems-technik.de\/index.php?rest_route=\/wp\/v2\/users\/306"}],"replies":[{"embeddable":true,"href":"https:\/\/www.glems-technik.de\/index.php?rest_route=%2Fwp%2Fv2%2Fcomments&post=11333"}],"version-history":[{"count":9,"href":"https:\/\/www.glems-technik.de\/index.php?rest_route=\/wp\/v2\/pages\/11333\/revisions"}],"predecessor-version":[{"id":11346,"href":"https:\/\/www.glems-technik.de\/index.php?rest_route=\/wp\/v2\/pages\/11333\/revisions\/11346"}],"wp:attachment":[{"href":"https:\/\/www.glems-technik.de\/index.php?rest_route=%2Fwp%2Fv2%2Fmedia&parent=11333"}],"curies":[{"name":"wp","href":"https:\/\/api.w.org\/{rel}","templated":true}]}}