
{"id":1166,"date":"2018-02-02T16:59:32","date_gmt":"2018-02-02T16:59:32","guid":{"rendered":"http:\/\/www.glems-technik.de\/?page_id=1166"},"modified":"2025-01-15T14:37:35","modified_gmt":"2025-01-15T14:37:35","slug":"impressum","status":"publish","type":"page","link":"https:\/\/www.glems-technik.de\/?page_id=1166","title":{"rendered":"Impressum"},"content":{"rendered":"<div class=\"row\">\n<div class=\"col-md-6\">\n<p>Verantwortlich f\u00fcr den Inhalt der Seiten gem\u00e4\u00df \u00a7 6 MDStV<\/p>\n<div class=\"texthead\"><strong>Glems-Technik GmbH<\/strong><\/div>\n<p>Gustav-Siegle-Str. 8<br \/>\n71254 Ditzingen<\/p>\n<p>Fon: +49 7156 \/ 9631 &#8211; 0<\/p>\n<p><a href=\"https:\/\/www.glems-technik.de\/?page_id=7de\">kontakt@glems-technik.de<\/a><\/p>\n<p>Gesch\u00e4ftsf\u00fchrer: Thomas Moritz Dieterich<\/p>\n<p>Registergericht: AG Stuttgart<br \/>\nHRB 201381<\/p>\n<p>Ust.-Ident.-Nr.: DE 146 021 138<\/p>\n<p>Plattform der EU-Kommission zur Online-Streitbeilegung: <a href=\"http:\/\/www.ec.europa.eu\/consumers\/odr\">www.ec.europa.eu\/consumers\/odr<\/a><\/p>\n<hr \/>\n<p><strong>Umsetzung:<\/strong><br \/>\n<a href=\"https:\/\/www.double-youmedia.de\"><img decoding=\"async\" class=\"img-responsive\" src=\"https:\/\/www.glems-technik.de\/wp-content\/uploads\/2018\/05\/double-youmedia-signatur.png\" alt=\"Double-YouMedia.de\" \/><\/a><\/p>\n<p>Offizieller zertifizierter Google Partner<\/p>\n<p><a title=\"Double-YouMedia.de W\u00fcrl\" href=\"https:\/\/double-youmedia.de?id=glemstechnik\"><strong>Internetagentur Werbeagentur Ludwigsburg Double-YouMedia.de<\/strong><br \/>\nWebdesign, Homepage Design, Suchmaschinenoptimierung (SEO), Suchmaschinenwerbung, Mailings, Newsletter, Online-Werbung, Online-Marketing, individuelle Programmierung, Template Erstellung, Online-Agentur, Werbeagentur, bessere Google Platzierung, besseres Suchmaschinen Ranking<\/a><\/p>\n<\/div>\n<div class=\"col-md-6\"><\/div>\n<\/div>\n","protected":false},"excerpt":{"rendered":"Verantwortlich f\u00fcr den Inhalt der Seiten gem\u00e4\u00df \u00a7 6 MDStV Glems-Technik GmbH Gustav-Siegle-Str. 8 71254 Ditzingen Fon: +49 7156 \/ 9631 &#8211; 0 kontakt@glems-technik.de Gesch\u00e4ftsf\u00fchrer: Thomas Moritz Dieterich Registergericht: AG Stuttgart HRB 201381 Ust.-Ident.-Nr.: DE 146 021 138 Plattform der EU-Kommission zur Online-Streitbeilegung: www.ec.europa.eu\/consumers\/odr Umsetzung: Offizieller zertifizierter Google Partner Internetagentur Werbeagentur Ludwigsburg Double-YouMedia.de Webdesign, Homepage [&hellip;]","protected":false},"author":1,"featured_media":0,"parent":0,"menu_order":0,"comment_status":"closed","ping_status":"closed","template":"","meta":{"_acf_changed":false,"footnotes":""},"class_list":["post-1166","page","type-page","status-publish","hentry"],"acf":[],"yoast_head":"<!-- This site is optimized with the Yoast SEO plugin v26.6 - https:\/\/yoast.com\/wordpress\/plugins\/seo\/ -->\n<title>Impressum - Komponenten f\u00fcr die K\u00e4ltetechnik<\/title>\n<meta name=\"robots\" content=\"index, follow, max-snippet:-1, max-image-preview:large, max-video-preview:-1\" \/>\n<link rel=\"canonical\" href=\"https:\/\/www.glems-technik.de\/?page_id=1166\" \/>\n<meta property=\"og:locale\" content=\"de_DE\" \/>\n<meta property=\"og:type\" content=\"article\" \/>\n<meta property=\"og:title\" content=\"Impressum - Komponenten f\u00fcr die K\u00e4ltetechnik\" \/>\n<meta property=\"og:description\" content=\"Verantwortlich f\u00fcr den Inhalt der Seiten gem\u00e4\u00df \u00a7 6 MDStV Glems-Technik GmbH Gustav-Siegle-Str. 8 71254 Ditzingen Fon: +49 7156 \/ 9631 &#8211; 0 kontakt@glems-technik.de Gesch\u00e4ftsf\u00fchrer: Thomas Moritz Dieterich Registergericht: AG Stuttgart HRB 201381 Ust.-Ident.-Nr.: DE 146 021 138 Plattform der EU-Kommission zur Online-Streitbeilegung: www.ec.europa.eu\/consumers\/odr Umsetzung: Offizieller zertifizierter Google Partner Internetagentur Werbeagentur Ludwigsburg Double-YouMedia.de Webdesign, Homepage [&hellip;]\" \/>\n<meta property=\"og:url\" content=\"https:\/\/www.glems-technik.de\/?page_id=1166\" \/>\n<meta property=\"og:site_name\" content=\"Komponenten f\u00fcr die K\u00e4ltetechnik\" \/>\n<meta property=\"article:modified_time\" content=\"2025-01-15T14:37:35+00:00\" \/>\n<meta property=\"og:image\" content=\"https:\/\/www.glems-technik.de\/wp-content\/uploads\/2018\/05\/double-youmedia-signatur.png\" \/>\n<meta name=\"twitter:card\" content=\"summary_large_image\" \/>\n<meta name=\"twitter:label1\" content=\"Gesch\u00e4tzte Lesezeit\" \/>\n\t<meta name=\"twitter:data1\" content=\"1\u00a0Minute\" \/>\n<script type=\"application\/ld+json\" class=\"yoast-schema-graph\">{\"@context\":\"https:\/\/schema.org\",\"@graph\":[{\"@type\":\"WebPage\",\"@id\":\"https:\/\/www.glems-technik.de\/?page_id=1166\",\"url\":\"https:\/\/www.glems-technik.de\/?page_id=1166\",\"name\":\"Impressum - Komponenten f\u00fcr die K\u00e4ltetechnik\",\"isPartOf\":{\"@id\":\"https:\/\/www.glems-technik.de\/#website\"},\"primaryImageOfPage\":{\"@id\":\"https:\/\/www.glems-technik.de\/?page_id=1166#primaryimage\"},\"image\":{\"@id\":\"https:\/\/www.glems-technik.de\/?page_id=1166#primaryimage\"},\"thumbnailUrl\":\"https:\/\/www.glems-technik.de\/wp-content\/uploads\/2018\/05\/double-youmedia-signatur.png\",\"datePublished\":\"2018-02-02T16:59:32+00:00\",\"dateModified\":\"2025-01-15T14:37:35+00:00\",\"breadcrumb\":{\"@id\":\"https:\/\/www.glems-technik.de\/?page_id=1166#breadcrumb\"},\"inLanguage\":\"de\",\"potentialAction\":[{\"@type\":\"ReadAction\",\"target\":[\"https:\/\/www.glems-technik.de\/?page_id=1166\"]}]},{\"@type\":\"ImageObject\",\"inLanguage\":\"de\",\"@id\":\"https:\/\/www.glems-technik.de\/?page_id=1166#primaryimage\",\"url\":\"https:\/\/www.glems-technik.de\/wp-content\/uploads\/2018\/05\/double-youmedia-signatur.png\",\"contentUrl\":\"https:\/\/www.glems-technik.de\/wp-content\/uploads\/2018\/05\/double-youmedia-signatur.png\",\"width\":351,\"height\":57},{\"@type\":\"BreadcrumbList\",\"@id\":\"https:\/\/www.glems-technik.de\/?page_id=1166#breadcrumb\",\"itemListElement\":[{\"@type\":\"ListItem\",\"position\":1,\"name\":\"Startseite\",\"item\":\"https:\/\/www.glems-technik.de\/\"},{\"@type\":\"ListItem\",\"position\":2,\"name\":\"Impressum\"}]},{\"@type\":\"WebSite\",\"@id\":\"https:\/\/www.glems-technik.de\/#website\",\"url\":\"https:\/\/www.glems-technik.de\/\",\"name\":\"Komponenten f\u00fcr die K\u00e4ltetechnik\",\"description\":\"Komponenten f\u00fcr die K\u00e4ltetechnik\",\"potentialAction\":[{\"@type\":\"SearchAction\",\"target\":{\"@type\":\"EntryPoint\",\"urlTemplate\":\"https:\/\/www.glems-technik.de\/?s={search_term_string}\"},\"query-input\":{\"@type\":\"PropertyValueSpecification\",\"valueRequired\":true,\"valueName\":\"search_term_string\"}}],\"inLanguage\":\"de\"}]}<\/script>\n<!-- \/ Yoast SEO plugin. -->","yoast_head_json":{"title":"Impressum - Komponenten f\u00fcr die K\u00e4ltetechnik","robots":{"index":"index","follow":"follow","max-snippet":"max-snippet:-1","max-image-preview":"max-image-preview:large","max-video-preview":"max-video-preview:-1"},"canonical":"https:\/\/www.glems-technik.de\/?page_id=1166","og_locale":"de_DE","og_type":"article","og_title":"Impressum - Komponenten f\u00fcr die K\u00e4ltetechnik","og_description":"Verantwortlich f\u00fcr den Inhalt der Seiten gem\u00e4\u00df \u00a7 6 MDStV Glems-Technik GmbH Gustav-Siegle-Str. 8 71254 Ditzingen Fon: +49 7156 \/ 9631 &#8211; 0 kontakt@glems-technik.de Gesch\u00e4ftsf\u00fchrer: Thomas Moritz Dieterich Registergericht: AG Stuttgart HRB 201381 Ust.-Ident.-Nr.: DE 146 021 138 Plattform der EU-Kommission zur Online-Streitbeilegung: www.ec.europa.eu\/consumers\/odr Umsetzung: Offizieller zertifizierter Google Partner Internetagentur Werbeagentur Ludwigsburg Double-YouMedia.de Webdesign, Homepage [&hellip;]","og_url":"https:\/\/www.glems-technik.de\/?page_id=1166","og_site_name":"Komponenten f\u00fcr die K\u00e4ltetechnik","article_modified_time":"2025-01-15T14:37:35+00:00","og_image":[{"url":"https:\/\/www.glems-technik.de\/wp-content\/uploads\/2018\/05\/double-youmedia-signatur.png","type":"","width":"","height":""}],"twitter_card":"summary_large_image","twitter_misc":{"Gesch\u00e4tzte Lesezeit":"1\u00a0Minute"},"schema":{"@context":"https:\/\/schema.org","@graph":[{"@type":"WebPage","@id":"https:\/\/www.glems-technik.de\/?page_id=1166","url":"https:\/\/www.glems-technik.de\/?page_id=1166","name":"Impressum - Komponenten f\u00fcr die K\u00e4ltetechnik","isPartOf":{"@id":"https:\/\/www.glems-technik.de\/#website"},"primaryImageOfPage":{"@id":"https:\/\/www.glems-technik.de\/?page_id=1166#primaryimage"},"image":{"@id":"https:\/\/www.glems-technik.de\/?page_id=1166#primaryimage"},"thumbnailUrl":"https:\/\/www.glems-technik.de\/wp-content\/uploads\/2018\/05\/double-youmedia-signatur.png","datePublished":"2018-02-02T16:59:32+00:00","dateModified":"2025-01-15T14:37:35+00:00","breadcrumb":{"@id":"https:\/\/www.glems-technik.de\/?page_id=1166#breadcrumb"},"inLanguage":"de","potentialAction":[{"@type":"ReadAction","target":["https:\/\/www.glems-technik.de\/?page_id=1166"]}]},{"@type":"ImageObject","inLanguage":"de","@id":"https:\/\/www.glems-technik.de\/?page_id=1166#primaryimage","url":"https:\/\/www.glems-technik.de\/wp-content\/uploads\/2018\/05\/double-youmedia-signatur.png","contentUrl":"https:\/\/www.glems-technik.de\/wp-content\/uploads\/2018\/05\/double-youmedia-signatur.png","width":351,"height":57},{"@type":"BreadcrumbList","@id":"https:\/\/www.glems-technik.de\/?page_id=1166#breadcrumb","itemListElement":[{"@type":"ListItem","position":1,"name":"Startseite","item":"https:\/\/www.glems-technik.de\/"},{"@type":"ListItem","position":2,"name":"Impressum"}]},{"@type":"WebSite","@id":"https:\/\/www.glems-technik.de\/#website","url":"https:\/\/www.glems-technik.de\/","name":"Komponenten f\u00fcr die K\u00e4ltetechnik","description":"Komponenten f\u00fcr die K\u00e4ltetechnik","potentialAction":[{"@type":"SearchAction","target":{"@type":"EntryPoint","urlTemplate":"https:\/\/www.glems-technik.de\/?s={search_term_string}"},"query-input":{"@type":"PropertyValueSpecification","valueRequired":true,"valueName":"search_term_string"}}],"inLanguage":"de"}]}},"_links":{"self":[{"href":"https:\/\/www.glems-technik.de\/index.php?rest_route=\/wp\/v2\/pages\/1166","targetHints":{"allow":["GET"]}}],"collection":[{"href":"https:\/\/www.glems-technik.de\/index.php?rest_route=\/wp\/v2\/pages"}],"about":[{"href":"https:\/\/www.glems-technik.de\/index.php?rest_route=\/wp\/v2\/types\/page"}],"author":[{"embeddable":true,"href":"https:\/\/www.glems-technik.de\/index.php?rest_route=\/wp\/v2\/users\/1"}],"replies":[{"embeddable":true,"href":"https:\/\/www.glems-technik.de\/index.php?rest_route=%2Fwp%2Fv2%2Fcomments&post=1166"}],"version-history":[{"count":5,"href":"https:\/\/www.glems-technik.de\/index.php?rest_route=\/wp\/v2\/pages\/1166\/revisions"}],"predecessor-version":[{"id":10944,"href":"https:\/\/www.glems-technik.de\/index.php?rest_route=\/wp\/v2\/pages\/1166\/revisions\/10944"}],"wp:attachment":[{"href":"https:\/\/www.glems-technik.de\/index.php?rest_route=%2Fwp%2Fv2%2Fmedia&parent=1166"}],"curies":[{"name":"wp","href":"https:\/\/api.w.org\/{rel}","templated":true}]}}