
{"id":7,"date":"2017-11-20T12:48:50","date_gmt":"2017-11-20T12:48:50","guid":{"rendered":"http:\/\/www.glems-technik.de\/?page_id=7"},"modified":"2026-04-21T05:31:04","modified_gmt":"2026-04-21T05:31:04","slug":"kontakt","status":"publish","type":"page","link":"https:\/\/www.glems-technik.de\/?page_id=7","title":{"rendered":"Kontakt"},"content":{"rendered":"<div class=\"row\">\n<div class=\"col-md-4\">\n<p>&nbsp;<\/p>\n<p><strong> Glems-Technik GmbH<\/strong><\/p>\n<p>Gustav-Siegle-Str. 8<br \/>\n71254 Ditzingen<\/p>\n<p>Tel.: +49 7156-9631-0<\/p>\n<p><strong>\u00d6ffnungszeiten:<\/strong><\/p>\n<p>Montag \u2013 Donnerstag:<br \/>\n8:00 \u2013 12.30 und 13:00 \u2013 16:30 Uhr<\/p>\n<p>Freitag:<br \/>\n8:00 \u2013 12.30 und 13:00 \u2013 15:00 Uhr<\/p>\n<p><strong>Anlieferzeit:<\/strong><\/p>\n<p>Montag \u2013 Donnerstag:<br \/>\n8:00 \u2013 12.00 und 13:00 \u2013 16:00 Uhr<\/p>\n<p>Freitag:<br \/>\n8:00 \u2013 12.00 und 13:00 \u2013 14:30 Uhr<\/p>\n<\/div>\n<div class=\"col-md-8\">\n<p>&nbsp;<\/p>\n\n<div class=\"wpcf7 no-js\" id=\"wpcf7-f1103-o1\" lang=\"de-DE\" dir=\"ltr\" data-wpcf7-id=\"1103\">\n<div class=\"screen-reader-response\"><p role=\"status\" aria-live=\"polite\" aria-atomic=\"true\"><\/p> <ul><\/ul><\/div>\n<form action=\"\/index.php?rest_route=%2Fwp%2Fv2%2Fpages%2F7#wpcf7-f1103-o1\" method=\"post\" class=\"wpcf7-form init\" aria-label=\"Kontaktformular\" novalidate=\"novalidate\" data-status=\"init\">\n<fieldset class=\"hidden-fields-container\"><input type=\"hidden\" name=\"_wpcf7\" value=\"1103\" \/><input type=\"hidden\" name=\"_wpcf7_version\" value=\"6.1.4\" \/><input type=\"hidden\" name=\"_wpcf7_locale\" value=\"de_DE\" \/><input type=\"hidden\" name=\"_wpcf7_unit_tag\" value=\"wpcf7-f1103-o1\" \/><input type=\"hidden\" name=\"_wpcf7_container_post\" value=\"0\" \/><input type=\"hidden\" name=\"_wpcf7_posted_data_hash\" value=\"\" \/>\n<\/fieldset>\n<div class=\"form-group\">\n\t<p>Unternehmen: (Pflichtfeld)\n\t<\/p>\n\t<p><span class=\"wpcf7-form-control-wrap\" data-name=\"unternehmen\"><input size=\"40\" maxlength=\"400\" class=\"wpcf7-form-control wpcf7-text wpcf7-validates-as-required form-control\" aria-required=\"true\" aria-invalid=\"false\" value=\"\" type=\"text\" name=\"unternehmen\" \/><\/span>\n\t<\/p>\n\t<p>Ihr Name: (Pflichtfeld)\n\t<\/p>\n\t<p><span class=\"wpcf7-form-control-wrap\" data-name=\"your-name\"><input size=\"40\" maxlength=\"400\" class=\"wpcf7-form-control wpcf7-text wpcf7-validates-as-required form-control\" aria-required=\"true\" aria-invalid=\"false\" value=\"\" type=\"text\" name=\"your-name\" \/><\/span>\n\t<\/p>\n\t<p>E-Mail-Adresse: (Pflichtfeld)\n\t<\/p>\n\t<p><span class=\"wpcf7-form-control-wrap\" data-name=\"your-email\"><input size=\"40\" maxlength=\"400\" class=\"wpcf7-form-control wpcf7-email wpcf7-validates-as-required wpcf7-text wpcf7-validates-as-email form-control\" aria-required=\"true\" aria-invalid=\"false\" value=\"\" type=\"email\" name=\"your-email\" \/><\/span>\n\t<\/p>\n\t<p>Strasse \/ Hausnummer:\n\t<\/p>\n\t<p><span class=\"wpcf7-form-control-wrap\" data-name=\"your-adresse\"><input size=\"40\" maxlength=\"400\" class=\"wpcf7-form-control wpcf7-text form-control\" aria-invalid=\"false\" value=\"\" type=\"text\" name=\"your-adresse\" \/><\/span>\n\t<\/p>\n\t<p>PLZ \/ Ort:\n\t<\/p>\n\t<p><span class=\"wpcf7-form-control-wrap\" data-name=\"your-plzort\"><input size=\"40\" maxlength=\"400\" class=\"wpcf7-form-control wpcf7-text form-control\" aria-invalid=\"false\" value=\"\" type=\"text\" name=\"your-plzort\" \/><\/span>\n\t<\/p>\n\t<p>Telefonummer:\n\t<\/p>\n\t<p><span class=\"wpcf7-form-control-wrap\" data-name=\"your-tel\"><input size=\"40\" maxlength=\"400\" class=\"wpcf7-form-control wpcf7-tel wpcf7-text wpcf7-validates-as-tel form-control\" aria-invalid=\"false\" value=\"\" type=\"tel\" name=\"your-tel\" \/><\/span>\n\t<\/p>\n\t<p>Ihre Nachricht an uns: (Pflichtfeld)\n\t<\/p>\n\t<p><span class=\"wpcf7-form-control-wrap\" data-name=\"your-message\"><textarea cols=\"40\" rows=\"4\" maxlength=\"2000\" class=\"wpcf7-form-control wpcf7-textarea wpcf7-validates-as-required form-control\" aria-required=\"true\" aria-invalid=\"false\" name=\"your-message\"><\/textarea><\/span>\n\t<\/p>\n\t<p><span class=\"wpcf7-form-control-wrap\" data-name=\"farbe\"><label><span class=\"wpcf7-quiz-label\">Nennen Sie einen Farbton aus unserem Logo.(orange)<\/span> <input size=\"40\" class=\"wpcf7-form-control wpcf7-quiz\" autocomplete=\"off\" aria-required=\"true\" aria-invalid=\"false\" type=\"text\" name=\"farbe\" \/><\/label><input type=\"hidden\" name=\"_wpcf7_quiz_answer_farbe\" value=\"3a2b23648d27663a94b95477704639c0\" \/><\/span><br \/>\nName one color from our logo. (orange)\n\t<\/p>\n<\/div>\n<div class=\"form-group\">\n\t<p>1. Diese Seite wird zur Sicherheit mit SSL-TLS \u00fcbertragen und kann von Dritten nicht gelesen werden.<br \/>\n2. Zur Beantwortung Ihrer Nachricht per E-Mail, speichern wir Ihre Daten. F\u00fcr andere Zwecke werden die Daten nicht verwendet und auch nicht an Dritte weitergeleitet. Sie k\u00f6nnen die Speicherung unter der im Impressum eingetragenen E-Mail Adresse jederzeit widerrufen. <a href=\"\/?page_id=1716\">Datenschutzerkl\u00e4rung.<\/a>\n\t<\/p>\n\t<p><span class=\"wpcf7-form-control-wrap\" data-name=\"acceptance-238\"><span class=\"wpcf7-form-control wpcf7-acceptance\"><span class=\"wpcf7-list-item\"><input type=\"checkbox\" name=\"acceptance-238\" value=\"1\" aria-invalid=\"false\" \/><\/span><\/span><\/span> Sie erkl\u00e4ren sich damit einverstanden, dass Ihre Daten zur Bearbeitung Ihres Anliegens verwendet werden. Weitere Informationen und Widerrufshinweise finden Sie in der <a href=\"\/?page_id=1716\">Datenschutzerkl\u00e4rung.<\/a> Eine Kopie der Nachricht wird an Ihre Email-Adresse gesendet.\n\t<\/p>\n\t<p><input class=\"wpcf7-form-control wpcf7-submit has-spinner\" type=\"submit\" value=\"Senden\" \/>\n\t<\/p>\n<\/div><input type='hidden' class='wpcf7-pum' value='{\"closepopup\":false,\"closedelay\":0,\"openpopup\":false,\"openpopup_id\":0}' \/><div class=\"wpcf7-response-output\" aria-hidden=\"true\"><\/div>\n<\/form>\n<\/div>\n\n<\/div>\n<\/div>\n","protected":false},"excerpt":{"rendered":"&nbsp; Glems-Technik GmbH Gustav-Siegle-Str. 8 71254 Ditzingen Tel.: +49 7156-9631-0 \u00d6ffnungszeiten: Montag \u2013 Donnerstag: 8:00 \u2013 12.30 und 13:00 \u2013 16:30 Uhr Freitag: 8:00 \u2013 12.30 und 13:00 \u2013 15:00 Uhr Anlieferzeit: Montag \u2013 Donnerstag: 8:00 \u2013 12.00 und 13:00 \u2013 16:00 Uhr Freitag: 8:00 \u2013 12.00 und 13:00 \u2013 14:30 Uhr &nbsp;","protected":false},"author":1,"featured_media":0,"parent":0,"menu_order":0,"comment_status":"closed","ping_status":"closed","template":"","meta":{"_acf_changed":false,"footnotes":""},"class_list":["post-7","page","type-page","status-publish","hentry"],"acf":[],"yoast_head":"<!-- This site is optimized with the Yoast SEO plugin v26.6 - https:\/\/yoast.com\/wordpress\/plugins\/seo\/ -->\n<title>Kontakt - Komponenten f\u00fcr die K\u00e4ltetechnik<\/title>\n<meta name=\"robots\" content=\"index, follow, max-snippet:-1, max-image-preview:large, max-video-preview:-1\" \/>\n<link rel=\"canonical\" href=\"https:\/\/www.glems-technik.de\/?page_id=7\" \/>\n<meta property=\"og:locale\" content=\"de_DE\" \/>\n<meta property=\"og:type\" content=\"article\" \/>\n<meta property=\"og:title\" content=\"Kontakt - Komponenten f\u00fcr die K\u00e4ltetechnik\" \/>\n<meta property=\"og:description\" content=\"&nbsp; Glems-Technik GmbH Gustav-Siegle-Str. 8 71254 Ditzingen Tel.: +49 7156-9631-0 \u00d6ffnungszeiten: Montag \u2013 Donnerstag: 8:00 \u2013 12.30 und 13:00 \u2013 16:30 Uhr Freitag: 8:00 \u2013 12.30 und 13:00 \u2013 15:00 Uhr Anlieferzeit: Montag \u2013 Donnerstag: 8:00 \u2013 12.00 und 13:00 \u2013 16:00 Uhr Freitag: 8:00 \u2013 12.00 und 13:00 \u2013 14:30 Uhr &nbsp;\" \/>\n<meta property=\"og:url\" content=\"https:\/\/www.glems-technik.de\/?page_id=7\" \/>\n<meta property=\"og:site_name\" content=\"Komponenten f\u00fcr die K\u00e4ltetechnik\" \/>\n<meta property=\"article:modified_time\" content=\"2026-04-21T05:31:04+00:00\" \/>\n<meta name=\"twitter:card\" content=\"summary_large_image\" \/>\n<meta name=\"twitter:label1\" content=\"Gesch\u00e4tzte Lesezeit\" \/>\n\t<meta name=\"twitter:data1\" content=\"1\u00a0Minute\" \/>\n<script type=\"application\/ld+json\" class=\"yoast-schema-graph\">{\"@context\":\"https:\/\/schema.org\",\"@graph\":[{\"@type\":\"WebPage\",\"@id\":\"https:\/\/www.glems-technik.de\/?page_id=7\",\"url\":\"https:\/\/www.glems-technik.de\/?page_id=7\",\"name\":\"Kontakt - Komponenten f\u00fcr die K\u00e4ltetechnik\",\"isPartOf\":{\"@id\":\"https:\/\/www.glems-technik.de\/#website\"},\"datePublished\":\"2017-11-20T12:48:50+00:00\",\"dateModified\":\"2026-04-21T05:31:04+00:00\",\"breadcrumb\":{\"@id\":\"https:\/\/www.glems-technik.de\/?page_id=7#breadcrumb\"},\"inLanguage\":\"de\",\"potentialAction\":[{\"@type\":\"ReadAction\",\"target\":[\"https:\/\/www.glems-technik.de\/?page_id=7\"]}]},{\"@type\":\"BreadcrumbList\",\"@id\":\"https:\/\/www.glems-technik.de\/?page_id=7#breadcrumb\",\"itemListElement\":[{\"@type\":\"ListItem\",\"position\":1,\"name\":\"Startseite\",\"item\":\"https:\/\/www.glems-technik.de\/\"},{\"@type\":\"ListItem\",\"position\":2,\"name\":\"Kontakt\"}]},{\"@type\":\"WebSite\",\"@id\":\"https:\/\/www.glems-technik.de\/#website\",\"url\":\"https:\/\/www.glems-technik.de\/\",\"name\":\"Komponenten f\u00fcr die K\u00e4ltetechnik\",\"description\":\"Komponenten f\u00fcr die K\u00e4ltetechnik\",\"potentialAction\":[{\"@type\":\"SearchAction\",\"target\":{\"@type\":\"EntryPoint\",\"urlTemplate\":\"https:\/\/www.glems-technik.de\/?s={search_term_string}\"},\"query-input\":{\"@type\":\"PropertyValueSpecification\",\"valueRequired\":true,\"valueName\":\"search_term_string\"}}],\"inLanguage\":\"de\"}]}<\/script>\n<!-- \/ Yoast SEO plugin. -->","yoast_head_json":{"title":"Kontakt - Komponenten f\u00fcr die K\u00e4ltetechnik","robots":{"index":"index","follow":"follow","max-snippet":"max-snippet:-1","max-image-preview":"max-image-preview:large","max-video-preview":"max-video-preview:-1"},"canonical":"https:\/\/www.glems-technik.de\/?page_id=7","og_locale":"de_DE","og_type":"article","og_title":"Kontakt - Komponenten f\u00fcr die K\u00e4ltetechnik","og_description":"&nbsp; Glems-Technik GmbH Gustav-Siegle-Str. 8 71254 Ditzingen Tel.: +49 7156-9631-0 \u00d6ffnungszeiten: Montag \u2013 Donnerstag: 8:00 \u2013 12.30 und 13:00 \u2013 16:30 Uhr Freitag: 8:00 \u2013 12.30 und 13:00 \u2013 15:00 Uhr Anlieferzeit: Montag \u2013 Donnerstag: 8:00 \u2013 12.00 und 13:00 \u2013 16:00 Uhr Freitag: 8:00 \u2013 12.00 und 13:00 \u2013 14:30 Uhr &nbsp;","og_url":"https:\/\/www.glems-technik.de\/?page_id=7","og_site_name":"Komponenten f\u00fcr die K\u00e4ltetechnik","article_modified_time":"2026-04-21T05:31:04+00:00","twitter_card":"summary_large_image","twitter_misc":{"Gesch\u00e4tzte Lesezeit":"1\u00a0Minute"},"schema":{"@context":"https:\/\/schema.org","@graph":[{"@type":"WebPage","@id":"https:\/\/www.glems-technik.de\/?page_id=7","url":"https:\/\/www.glems-technik.de\/?page_id=7","name":"Kontakt - Komponenten f\u00fcr die K\u00e4ltetechnik","isPartOf":{"@id":"https:\/\/www.glems-technik.de\/#website"},"datePublished":"2017-11-20T12:48:50+00:00","dateModified":"2026-04-21T05:31:04+00:00","breadcrumb":{"@id":"https:\/\/www.glems-technik.de\/?page_id=7#breadcrumb"},"inLanguage":"de","potentialAction":[{"@type":"ReadAction","target":["https:\/\/www.glems-technik.de\/?page_id=7"]}]},{"@type":"BreadcrumbList","@id":"https:\/\/www.glems-technik.de\/?page_id=7#breadcrumb","itemListElement":[{"@type":"ListItem","position":1,"name":"Startseite","item":"https:\/\/www.glems-technik.de\/"},{"@type":"ListItem","position":2,"name":"Kontakt"}]},{"@type":"WebSite","@id":"https:\/\/www.glems-technik.de\/#website","url":"https:\/\/www.glems-technik.de\/","name":"Komponenten f\u00fcr die K\u00e4ltetechnik","description":"Komponenten f\u00fcr die K\u00e4ltetechnik","potentialAction":[{"@type":"SearchAction","target":{"@type":"EntryPoint","urlTemplate":"https:\/\/www.glems-technik.de\/?s={search_term_string}"},"query-input":{"@type":"PropertyValueSpecification","valueRequired":true,"valueName":"search_term_string"}}],"inLanguage":"de"}]}},"_links":{"self":[{"href":"https:\/\/www.glems-technik.de\/index.php?rest_route=\/wp\/v2\/pages\/7","targetHints":{"allow":["GET"]}}],"collection":[{"href":"https:\/\/www.glems-technik.de\/index.php?rest_route=\/wp\/v2\/pages"}],"about":[{"href":"https:\/\/www.glems-technik.de\/index.php?rest_route=\/wp\/v2\/types\/page"}],"author":[{"embeddable":true,"href":"https:\/\/www.glems-technik.de\/index.php?rest_route=\/wp\/v2\/users\/1"}],"replies":[{"embeddable":true,"href":"https:\/\/www.glems-technik.de\/index.php?rest_route=%2Fwp%2Fv2%2Fcomments&post=7"}],"version-history":[{"count":9,"href":"https:\/\/www.glems-technik.de\/index.php?rest_route=\/wp\/v2\/pages\/7\/revisions"}],"predecessor-version":[{"id":11324,"href":"https:\/\/www.glems-technik.de\/index.php?rest_route=\/wp\/v2\/pages\/7\/revisions\/11324"}],"wp:attachment":[{"href":"https:\/\/www.glems-technik.de\/index.php?rest_route=%2Fwp%2Fv2%2Fmedia&parent=7"}],"curies":[{"name":"wp","href":"https:\/\/api.w.org\/{rel}","templated":true}]}}